{"id":935,"date":"2024-02-20T15:51:29","date_gmt":"2024-02-20T21:51:29","guid":{"rendered":"https:\/\/raicillamx.com\/?page_id=935"},"modified":"2024-06-07T14:12:23","modified_gmt":"2024-06-07T20:12:23","slug":"cmpr-ac","status":"publish","type":"page","link":"https:\/\/raicillamx.com\/index.php\/cmpr-ac\/","title":{"rendered":"CMPR AC"},"content":{"rendered":"\t\t<div data-elementor-type=\"wp-page\" data-elementor-id=\"935\" class=\"elementor elementor-935\">\n\t\t\t\t<div class=\"elementor-element elementor-element-d49bd04 e-flex e-con-boxed e-con e-parent\" data-id=\"d49bd04\" data-element_type=\"container\" data-e-type=\"container\" data-settings=\"{&quot;background_background&quot;:&quot;classic&quot;}\">\n\t\t\t\t\t<div class=\"e-con-inner\">\n\t\t\t\t<div class=\"elementor-element elementor-element-bd5d7dc elementor-widget elementor-widget-spacer\" data-id=\"bd5d7dc\" data-element_type=\"widget\" data-e-type=\"widget\" data-widget_type=\"spacer.default\">\n\t\t\t\t<div class=\"elementor-widget-container\">\n\t\t\t\t\t\t\t<div class=\"elementor-spacer\">\n\t\t\t<div class=\"elementor-spacer-inner\"><\/div>\n\t\t<\/div>\n\t\t\t\t\t\t<\/div>\n\t\t\t\t<\/div>\n\t\t\t\t<div class=\"elementor-element elementor-element-f0de94b elementor-widget elementor-widget-elementskit-heading\" data-id=\"f0de94b\" data-element_type=\"widget\" data-e-type=\"widget\" data-widget_type=\"elementskit-heading.default\">\n\t\t\t\t<div class=\"elementor-widget-container\">\n\t\t\t\t\t<div class=\"ekit-wid-con\" ><div class=\"ekit-heading elementskit-section-title-wraper text_left   ekit_heading_tablet-   ekit_heading_mobile-\"><h1 class=\"ekit-heading--title elementskit-section-title \">Consejo Mexicano Promotor de la Raicilla, A.C. <span><span>CMPR<\/span><\/span><\/h1><div class=\"ekit_heading_separetor_wraper ekit_heading_elementskit-border-divider ekit-dotted\"><div class=\"elementskit-border-divider ekit-dotted\"><\/div><\/div><\/div><\/div>\t\t\t\t<\/div>\n\t\t\t\t<\/div>\n\t\t\t\t<div class=\"elementor-element elementor-element-b53cb01 elementor-widget elementor-widget-spacer\" data-id=\"b53cb01\" data-element_type=\"widget\" data-e-type=\"widget\" data-widget_type=\"spacer.default\">\n\t\t\t\t<div class=\"elementor-widget-container\">\n\t\t\t\t\t\t\t<div class=\"elementor-spacer\">\n\t\t\t<div class=\"elementor-spacer-inner\"><\/div>\n\t\t<\/div>\n\t\t\t\t\t\t<\/div>\n\t\t\t\t<\/div>\n\t\t\t\t\t<\/div>\n\t\t\t\t<\/div>\n\t\t<div class=\"elementor-element elementor-element-e0be210 e-flex e-con-boxed e-con e-parent\" data-id=\"e0be210\" data-element_type=\"container\" data-e-type=\"container\" data-settings=\"{&quot;background_background&quot;:&quot;classic&quot;}\">\n\t\t\t\t\t<div class=\"e-con-inner\">\n\t\t<div class=\"elementor-element elementor-element-05ea50f e-con-full e-flex e-con e-child\" data-id=\"05ea50f\" data-element_type=\"container\" data-e-type=\"container\">\n\t\t\t\t<div class=\"elementor-element elementor-element-31326fd elementor-widget elementor-widget-text-editor\" data-id=\"31326fd\" data-element_type=\"widget\" data-e-type=\"widget\" data-widget_type=\"text-editor.default\">\n\t\t\t\t<div class=\"elementor-widget-container\">\n\t\t\t\t\t\t\t\t\t<h1><strong> De tradici\u00f3n familiar a la escena nacional e internacional<\/strong><\/h1>\t\t\t\t\t\t\t\t<\/div>\n\t\t\t\t<\/div>\n\t\t\t\t<div class=\"elementor-element elementor-element-9daa36b elementor-widget elementor-widget-text-editor\" data-id=\"9daa36b\" data-element_type=\"widget\" data-e-type=\"widget\" data-widget_type=\"text-editor.default\">\n\t\t\t\t<div class=\"elementor-widget-container\">\n\t\t\t\t\t\t\t\t\t<p data-sourcepos=\"5:1-5:384\">La historia del Consejo Mexicano Promotor de la Raicilla, A.C. (CMPR) se remonta al a\u00f1o 2000, cuando un grupo de visionarios, encabezados por el Ing. Jorge Due\u00f1as, el Dr. Alfredo Cach\u00faa, Jorge Amigo y el Ing. Adri\u00e1n Ram\u00edrez, entre otros, se unieron con el objetivo de darle mayor visibilidad a este destilado ancestral, conocido hasta entonces principalmente en sus lugares de origen.<\/p><p data-sourcepos=\"7:1-7:338\">En ese entonces, la producci\u00f3n de raicilla era generalmente reducida, utilizando agaves silvestres y destinada principalmente al consumo familiar y local. El CMPR se propuso cambiar esta realidad, agrupando a los productores y trabajando para generar mejores condiciones y conocimientos para la producci\u00f3n y comercializaci\u00f3n de la bebida.<\/p><p data-sourcepos=\"9:1-9:36\"><strong>Evoluci\u00f3n y crecimiento del CMPR<\/strong><\/p><p data-sourcepos=\"11:1-11:257\">A lo largo de los a\u00f1os, el CMPR ha experimentado un notable crecimiento, pasando de ser una sociedad con pocos agremiados a una que actualmente cuenta con m\u00e1s de 200 miembros, incluyendo productores de raicilla, agricultores, comercializadores y acad\u00e9micos.<\/p>\t\t\t\t\t\t\t\t<\/div>\n\t\t\t\t<\/div>\n\t\t\t\t<\/div>\n\t\t<div class=\"elementor-element elementor-element-8bbd6b5 e-con-full e-flex e-con e-child\" data-id=\"8bbd6b5\" data-element_type=\"container\" data-e-type=\"container\">\n\t\t\t\t<div class=\"elementor-element elementor-element-7d43100 elementor-widget elementor-widget-text-editor\" data-id=\"7d43100\" data-element_type=\"widget\" data-e-type=\"widget\" data-widget_type=\"text-editor.default\">\n\t\t\t\t<div class=\"elementor-widget-container\">\n\t\t\t\t\t\t\t\t\t<h2 data-sourcepos=\"13:1-13:21\"><strong>Hitos importantes<\/strong><\/h2>\n<ul data-sourcepos=\"15:1-18:0\">\n<li data-sourcepos=\"15:1-15:100\"><strong>2000:<\/strong> Se establece la primera mesa directiva del CMPR, presidida por Jorge Due\u00f1as.<\/li>\n<li data-sourcepos=\"16:1-16:110\"><strong>2010:<\/strong>&nbsp;El CMPR inicia el proceso para obtener la Denominaci\u00f3n de Origen Protegido (DOP) para la raicilla.<\/li>\n<li data-sourcepos=\"17:1-18:0\"><strong>2019:<\/strong>&nbsp;Se logra la obtenci\u00f3n de la DOP para la raicilla, un hito que marca un antes y un despu\u00e9s para la industria.<\/li>\n<\/ul>\n<p data-sourcepos=\"19:1-19:24\"><strong>Presidentes del CMPR<\/strong><\/p>\n<p data-sourcepos=\"21:1-21:192\">A lo largo de su historia, el CMPR ha sido liderado por diferentes presidentes, cada uno de ellos con importantes contribuciones al desarrollo de la organizaci\u00f3n y la industria de la raicilla.<\/p>\n<p data-sourcepos=\"23:1-23:16\"><strong>Periodos:<\/strong><\/p>\n<ul>\n<li><strong><span class=\"hljs-number\">2000<\/span> <span class=\"hljs-string\">\u2013<\/span> <span class=\"hljs-attr\">2001:<\/span><\/strong> <span class=\"hljs-string\">Jorge<\/span> <span class=\"hljs-string\">Antonio<\/span> <span class=\"hljs-string\">Due\u00f1as<\/span> <span class=\"hljs-string\">Pe\u00f1a<\/span><\/li>\n<li><strong> <span class=\"hljs-number\">2001<\/span> <span class=\"hljs-string\">\u2013<\/span> <span class=\"hljs-attr\">2002:<\/span><\/strong> <span class=\"hljs-string\">Alfredo<\/span> <span class=\"hljs-string\">Cach\u00faa<\/span> <span class=\"hljs-string\">Torres<\/span><\/li>\n<li><strong><span class=\"hljs-attr\">2002:<\/span><\/strong> <span class=\"hljs-string\">Fernando<\/span> <span class=\"hljs-string\">Almaraz<\/span> <span class=\"hljs-string\">Hern\u00e1ndez<\/span><\/li>\n<li><strong><span class=\"hljs-attr\">2003:<\/span><\/strong> <span class=\"hljs-string\">Manuel<\/span> <span class=\"hljs-string\">Salcedo<\/span> <span class=\"hljs-string\">Guti\u00e9rrez<\/span><\/li>\n<li><strong><span class=\"hljs-number\">2004<\/span> <span class=\"hljs-string\">\u2013<\/span> <span class=\"hljs-attr\">2006:<\/span><\/strong> <span class=\"hljs-string\">Jorge<\/span> <span class=\"hljs-string\">Alfredo<\/span> <span class=\"hljs-string\">Orozco<\/span> <span class=\"hljs-string\">L\u00f3pez<\/span><\/li>\n<li><strong><span class=\"hljs-number\">2006<\/span> <span class=\"hljs-string\">\u2013<\/span> <span class=\"hljs-attr\">2008:<\/span><\/strong> <span class=\"hljs-string\">\u00d3scar<\/span> <span class=\"hljs-string\">M.<\/span> <span class=\"hljs-string\">Landeros<\/span> <span class=\"hljs-string\">Barba<\/span><\/li>\n<li><strong><span class=\"hljs-attr\">2008-2010:<\/span><\/strong> <span class=\"hljs-string\">\u00d3scar<\/span> <span class=\"hljs-string\">Rangel<\/span> <span class=\"hljs-string\">L\u00f3pez<\/span><\/li>\n<li><strong><span class=\"hljs-attr\">2010-2011:<\/span><\/strong> <span class=\"hljs-string\">Alfredo<\/span> <span class=\"hljs-string\">Cach\u00faa<\/span> <span class=\"hljs-string\">Torres<\/span><\/li>\n<li><strong><span class=\"hljs-attr\">2012-2014:<\/span><\/strong> <span class=\"hljs-string\">Florentino<\/span> <span class=\"hljs-string\">Carvajal<\/span> <span class=\"hljs-string\">Ram\u00edrez<\/span><\/li>\n<li><strong><span class=\"hljs-number\">2015<\/span> <span class=\"hljs-string\">\u2013<\/span> <span class=\"hljs-attr\">2017:<\/span><\/strong> <span class=\"hljs-string\">Adri\u00e1n<\/span> <span class=\"hljs-string\">Ram\u00edrez<\/span> <span class=\"hljs-string\">Buenrostro<\/span><\/li>\n<li><strong><span class=\"hljs-attr\">2017:<\/span><\/strong> <span class=\"hljs-string\">Manuel<\/span> <span class=\"hljs-string\">Salcedo<\/span> <span class=\"hljs-string\">Guti\u00e9rrez<\/span><\/li>\n<li><strong><span class=\"hljs-number\">2018<\/span> <span class=\"hljs-string\">\u2013<\/span> <span class=\"hljs-attr\">2022:<\/span><\/strong> <span class=\"hljs-string\">Alfredo<\/span> <span class=\"hljs-string\">Cach\u00faa<\/span> <span class=\"hljs-string\">Torres<\/span><\/li>\n<li><strong><span class=\"hljs-attr\">2022-2026:<\/span><\/strong> <span class=\"hljs-string\">\u00c1lvaro<\/span> <span class=\"hljs-string\">Fern\u00e1ndez<\/span> <span class=\"hljs-string\">Labastida<\/span><\/li>\n<\/ul>\t\t\t\t\t\t\t\t<\/div>\n\t\t\t\t<\/div>\n\t\t\t\t<\/div>\n\t\t\t\t\t<\/div>\n\t\t\t\t<\/div>\n\t\t<div class=\"elementor-element elementor-element-b9f04b5 e-flex e-con-boxed e-con e-parent\" data-id=\"b9f04b5\" data-element_type=\"container\" data-e-type=\"container\">\n\t\t\t\t\t<div class=\"e-con-inner\">\n\t\t\t\t<div class=\"elementor-element elementor-element-5d3da74 elementor-widget elementor-widget-elementskit-heading\" data-id=\"5d3da74\" data-element_type=\"widget\" data-e-type=\"widget\" data-widget_type=\"elementskit-heading.default\">\n\t\t\t\t<div class=\"elementor-widget-container\">\n\t\t\t\t\t<div class=\"ekit-wid-con\" ><div class=\"ekit-heading elementskit-section-title-wraper text_left   ekit_heading_tablet-   ekit_heading_mobile-\"><h2 class=\"ekit-heading--title elementskit-section-title \">Hist\u00f3rico de Presidentes del <span><span>CMPR A.C.<\/span><\/span><\/h2><div class=\"ekit_heading_separetor_wraper ekit_heading_elementskit-border-divider ekit-dotted\"><div class=\"elementskit-border-divider ekit-dotted\"><\/div><\/div><h3 class=\"ekit-heading--subtitle elementskit-section-subtitle  \">\n\t\t\t\t\t\tdesde su fundaci\u00f3n el 26 de julio del 2000\n\t\t\t\t\t<\/h3><\/div><\/div>\t\t\t\t<\/div>\n\t\t\t\t<\/div>\n\t\t\t\t<div class=\"elementor-element elementor-element-0e2bb56 elementor-arrows-position-inside elementor-pagination-position-outside elementor-widget elementor-widget-image-carousel\" data-id=\"0e2bb56\" data-element_type=\"widget\" data-e-type=\"widget\" data-settings=\"{&quot;navigation&quot;:&quot;both&quot;,&quot;autoplay&quot;:&quot;yes&quot;,&quot;pause_on_hover&quot;:&quot;yes&quot;,&quot;pause_on_interaction&quot;:&quot;yes&quot;,&quot;autoplay_speed&quot;:5000,&quot;infinite&quot;:&quot;yes&quot;,&quot;speed&quot;:500}\" data-widget_type=\"image-carousel.default\">\n\t\t\t\t<div class=\"elementor-widget-container\">\n\t\t\t\t\t\t\t<div class=\"elementor-image-carousel-wrapper swiper\" role=\"region\" aria-roledescription=\"carousel\" aria-label=\"Carrusel de im\u00e1genes\" dir=\"ltr\">\n\t\t\t<div class=\"elementor-image-carousel swiper-wrapper swiper-image-stretch\" aria-live=\"off\">\n\t\t\t\t\t\t\t\t<div class=\"swiper-slide\" role=\"group\" aria-roledescription=\"slide\" aria-label=\"1 de 9\"><figure class=\"swiper-slide-inner\"><img decoding=\"async\" class=\"swiper-slide-image\" src=\"https:\/\/raicillamx.com\/wp-content\/uploads\/2024\/02\/WhatsApp-Image-2021-07-01-at-11.19.42-3.jpeg\" alt=\"Jorge Antonio Due\u00f1as Pe\u00f1a 2000-2001\" \/><figcaption class=\"elementor-image-carousel-caption\">Jorge Antonio Due\u00f1as Pe\u00f1a  2000-2001<\/figcaption><\/figure><\/div><div class=\"swiper-slide\" role=\"group\" aria-roledescription=\"slide\" aria-label=\"2 de 9\"><figure class=\"swiper-slide-inner\"><img decoding=\"async\" class=\"swiper-slide-image\" src=\"https:\/\/raicillamx.com\/wp-content\/uploads\/2024\/02\/WhatsApp-Image-2021-07-01-at-11.19.41-1.jpeg\" alt=\"Alfredo Cachua Torres 2001-2002\/2010-2011 \/ 2018-2022\" \/><figcaption class=\"elementor-image-carousel-caption\">Alfredo Cachua Torres 2001-2002\/2010-2011 \/ 2018-2022<\/figcaption><\/figure><\/div><div class=\"swiper-slide\" role=\"group\" aria-roledescription=\"slide\" aria-label=\"3 de 9\"><figure class=\"swiper-slide-inner\"><img decoding=\"async\" class=\"swiper-slide-image\" src=\"https:\/\/raicillamx.com\/wp-content\/uploads\/2024\/02\/Fernando-Almaraz-Hernandez.png\" alt=\"Fernando Almaraz Hern\u00e1ndez 2002\" \/><figcaption class=\"elementor-image-carousel-caption\">Fernando Almaraz Hern\u00e1ndez  2002<\/figcaption><\/figure><\/div><div class=\"swiper-slide\" role=\"group\" aria-roledescription=\"slide\" aria-label=\"4 de 9\"><figure class=\"swiper-slide-inner\"><img decoding=\"async\" class=\"swiper-slide-image\" src=\"https:\/\/raicillamx.com\/wp-content\/uploads\/2024\/02\/WhatsApp-Image-2021-07-01-at-11.19.43-1.jpeg\" alt=\"Manuel Salcedo Guti\u00e9rrez 2003 \/ 2017\" \/><figcaption class=\"elementor-image-carousel-caption\">Manuel Salcedo Guti\u00e9rrez  2003 \/ 2017<\/figcaption><\/figure><\/div><div class=\"swiper-slide\" role=\"group\" aria-roledescription=\"slide\" aria-label=\"5 de 9\"><figure class=\"swiper-slide-inner\"><img decoding=\"async\" class=\"swiper-slide-image\" src=\"https:\/\/raicillamx.com\/wp-content\/uploads\/2024\/02\/WhatsApp-Image-2021-07-01-at-11.19.42.jpeg\" alt=\"Jorge Alfredo Orozco L\u00f3pez 2004-2006\" \/><figcaption class=\"elementor-image-carousel-caption\">Jorge Alfredo Orozco L\u00f3pez  2004-2006<\/figcaption><\/figure><\/div><div class=\"swiper-slide\" role=\"group\" aria-roledescription=\"slide\" aria-label=\"6 de 9\"><figure class=\"swiper-slide-inner\"><img decoding=\"async\" class=\"swiper-slide-image\" src=\"https:\/\/raicillamx.com\/wp-content\/uploads\/2024\/02\/WhatsApp-Image-2021-07-01-at-11.19.43.jpeg\" alt=\"Oscar M. Landeros Barba 2006-2008\" \/><figcaption class=\"elementor-image-carousel-caption\"> Oscar M. Landeros Barba  2006-2008<\/figcaption><\/figure><\/div><div class=\"swiper-slide\" role=\"group\" aria-roledescription=\"slide\" aria-label=\"7 de 9\"><figure class=\"swiper-slide-inner\"><img decoding=\"async\" class=\"swiper-slide-image\" src=\"https:\/\/raicillamx.com\/wp-content\/uploads\/2024\/02\/WhatsApp-Image-2021-07-01-at-11.19.42-5.jpeg\" alt=\"Osar Rangel L\u00f3pez 2008-2010\" \/><figcaption class=\"elementor-image-carousel-caption\"> Osar Rangel L\u00f3pez   2008-2010<\/figcaption><\/figure><\/div><div class=\"swiper-slide\" role=\"group\" aria-roledescription=\"slide\" aria-label=\"8 de 9\"><figure class=\"swiper-slide-inner\"><img decoding=\"async\" class=\"swiper-slide-image\" src=\"https:\/\/raicillamx.com\/wp-content\/uploads\/2024\/02\/Florentino-Carvajal.png\" alt=\"Florentino Carvajal   2012 - 2014\" \/><figcaption class=\"elementor-image-carousel-caption\"> Florentino Carvajal   2012 - 2014<\/figcaption><\/figure><\/div><div class=\"swiper-slide\" role=\"group\" aria-roledescription=\"slide\" aria-label=\"9 de 9\"><figure class=\"swiper-slide-inner\"><img decoding=\"async\" class=\"swiper-slide-image\" src=\"https:\/\/raicillamx.com\/wp-content\/uploads\/2024\/02\/WhatsApp-Image-2021-07-01-at-11.19.42-4.jpeg\" alt=\"Adr\u00edan Ram\u00edrez Buenrostro 2015-2017\" \/><figcaption class=\"elementor-image-carousel-caption\"> Adr\u00edan Ram\u00edrez Buenrostro   2015-2017<\/figcaption><\/figure><\/div>\t\t\t<\/div>\n\t\t\t\t\t\t\t\t\t\t\t\t<div class=\"elementor-swiper-button elementor-swiper-button-prev\" role=\"button\" tabindex=\"0\">\n\t\t\t\t\t\t<svg aria-hidden=\"true\" class=\"e-font-icon-svg e-eicon-chevron-left\" viewBox=\"0 0 1000 1000\" xmlns=\"http:\/\/www.w3.org\/2000\/svg\"><path d=\"M646 125C629 125 613 133 604 142L308 442C296 454 292 471 292 487 292 504 296 521 308 533L604 854C617 867 629 875 646 875 663 875 679 871 692 858 704 846 713 829 713 812 713 796 708 779 692 767L438 487 692 225C700 217 708 204 708 187 708 171 704 154 692 142 675 129 663 125 646 125Z\"><\/path><\/svg>\t\t\t\t\t<\/div>\n\t\t\t\t\t<div class=\"elementor-swiper-button elementor-swiper-button-next\" role=\"button\" tabindex=\"0\">\n\t\t\t\t\t\t<svg aria-hidden=\"true\" class=\"e-font-icon-svg e-eicon-chevron-right\" viewBox=\"0 0 1000 1000\" xmlns=\"http:\/\/www.w3.org\/2000\/svg\"><path d=\"M696 533C708 521 713 504 713 487 713 471 708 454 696 446L400 146C388 133 375 125 354 125 338 125 325 129 313 142 300 154 292 171 292 187 292 204 296 221 308 233L563 492 304 771C292 783 288 800 288 817 288 833 296 850 308 863 321 871 338 875 354 875 371 875 388 867 400 854L696 533Z\"><\/path><\/svg>\t\t\t\t\t<\/div>\n\t\t\t\t\n\t\t\t\t\t\t\t\t\t<div class=\"swiper-pagination\"><\/div>\n\t\t\t\t\t\t\t\t\t<\/div>\n\t\t\t\t\t\t<\/div>\n\t\t\t\t<\/div>\n\t\t\t\t\t<\/div>\n\t\t\t\t<\/div>\n\t\t<div class=\"elementor-element elementor-element-f315e84 e-flex e-con-boxed e-con e-parent\" data-id=\"f315e84\" data-element_type=\"container\" data-e-type=\"container\">\n\t\t\t\t\t<div class=\"e-con-inner\">\n\t\t\t\t<div class=\"elementor-element elementor-element-e6ccf8a elementor-widget elementor-widget-text-editor\" data-id=\"e6ccf8a\" data-element_type=\"widget\" data-e-type=\"widget\" data-widget_type=\"text-editor.default\">\n\t\t\t\t<div class=\"elementor-widget-container\">\n\t\t\t\t\t\t\t\t\t<p data-sourcepos=\"35:1-35:22\"><strong>El CMPR hoy en d\u00eda<\/strong><\/p><p data-sourcepos=\"37:1-37:188\">El CMPR se ha convertido en una organizaci\u00f3n fundamental para el desarrollo y la promoci\u00f3n de la raicilla a nivel nacional e internacional. Entre sus principales actividades se encuentran:<\/p><ul data-sourcepos=\"39:1-42:0\"><li data-sourcepos=\"39:1-39:137\"><strong>Capacitaci\u00f3n a productores:<\/strong>\u00a0El CMPR ofrece talleres y cursos para mejorar las pr\u00e1cticas de producci\u00f3n y elaboraci\u00f3n de la raicilla.<\/li><li data-sourcepos=\"40:1-40:152\"><strong>Promoci\u00f3n y comercializaci\u00f3n:<\/strong>\u00a0El CMPR participa en ferias y eventos nacionales e internacionales para dar a conocer la raicilla a nuevos p\u00fablicos.<\/li><li data-sourcepos=\"41:1-42:0\"><strong>Defensa de la Denominaci\u00f3n de Origen:<\/strong>\u00a0El CMPR vela por el cumplimiento de la DOP y protege la calidad y autenticidad de la raicilla.<\/li><\/ul><p data-sourcepos=\"43:1-43:28\"><strong>El futuro de la raicilla<\/strong><\/p><p data-sourcepos=\"45:1-45:314\">Gracias al trabajo del CMPR y al esfuerzo de los productores, la raicilla se ha posicionado como un destilado \u00fanico y de alta calidad, con un gran potencial en el mercado nacional e internacional. El futuro de la raicilla es brillante, y el CMPR seguir\u00e1 jugando un papel fundamental en su desarrollo y crecimiento.<\/p>\t\t\t\t\t\t\t\t<\/div>\n\t\t\t\t<\/div>\n\t\t\t\t\t<\/div>\n\t\t\t\t<\/div>\n\t\t\t\t<\/div>\n\t\t","protected":false},"excerpt":{"rendered":"<p>Consejo Mexicano Promotor de la Raicilla, A.C. CMPR De tradici\u00f3n familiar a la escena nacional e internacional La historia del Consejo Mexicano Promotor de la Raicilla, A.C. (CMPR) se remonta al a\u00f1o 2000, cuando un grupo de visionarios, encabezados por el Ing. Jorge Due\u00f1as, el Dr. Alfredo Cach\u00faa, Jorge Amigo y el Ing. Adri\u00e1n Ram\u00edrez, [&hellip;]<\/p>\n","protected":false},"author":1,"featured_media":0,"parent":0,"menu_order":0,"comment_status":"closed","ping_status":"closed","template":"","meta":{"footnotes":""},"class_list":["post-935","page","type-page","status-publish","hentry"],"_hostinger_reach_plugin_has_subscription_block":false,"_hostinger_reach_plugin_is_elementor":false,"_links":{"self":[{"href":"https:\/\/raicillamx.com\/index.php\/wp-json\/wp\/v2\/pages\/935","targetHints":{"allow":["GET"]}}],"collection":[{"href":"https:\/\/raicillamx.com\/index.php\/wp-json\/wp\/v2\/pages"}],"about":[{"href":"https:\/\/raicillamx.com\/index.php\/wp-json\/wp\/v2\/types\/page"}],"author":[{"embeddable":true,"href":"https:\/\/raicillamx.com\/index.php\/wp-json\/wp\/v2\/users\/1"}],"replies":[{"embeddable":true,"href":"https:\/\/raicillamx.com\/index.php\/wp-json\/wp\/v2\/comments?post=935"}],"version-history":[{"count":15,"href":"https:\/\/raicillamx.com\/index.php\/wp-json\/wp\/v2\/pages\/935\/revisions"}],"predecessor-version":[{"id":1386,"href":"https:\/\/raicillamx.com\/index.php\/wp-json\/wp\/v2\/pages\/935\/revisions\/1386"}],"wp:attachment":[{"href":"https:\/\/raicillamx.com\/index.php\/wp-json\/wp\/v2\/media?parent=935"}],"curies":[{"name":"wp","href":"https:\/\/api.w.org\/{rel}","templated":true}]}}