{"id":567,"date":"2024-02-19T22:38:31","date_gmt":"2024-02-19T22:38:31","guid":{"rendered":"https:\/\/raicillamx.com\/?page_id=567"},"modified":"2024-02-20T00:39:27","modified_gmt":"2024-02-20T00:39:27","slug":"raicilla-2","status":"publish","type":"page","link":"https:\/\/raicillamx.com\/index.php\/raicilla-2\/","title":{"rendered":"Aproximaci\u00f3n a la Raicilla"},"content":{"rendered":"\t\t<div data-elementor-type=\"wp-page\" data-elementor-id=\"567\" class=\"elementor elementor-567\">\n\t\t\t\t<div class=\"elementor-element elementor-element-10d248f e-flex e-con-boxed e-con e-parent\" data-id=\"10d248f\" data-element_type=\"container\" data-e-type=\"container\">\n\t\t\t\t\t<div class=\"e-con-inner\">\n\t\t<div class=\"elementor-element elementor-element-111be79 e-con-full e-flex e-con e-child\" data-id=\"111be79\" data-element_type=\"container\" data-e-type=\"container\">\n\t\t\t\t<div class=\"elementor-element elementor-element-a703b91 elementor-widget elementor-widget-elementskit-heading\" data-id=\"a703b91\" data-element_type=\"widget\" data-e-type=\"widget\" data-widget_type=\"elementskit-heading.default\">\n\t\t\t\t<div class=\"elementor-widget-container\">\n\t\t\t\t\t<div class=\"ekit-wid-con\" ><div class=\"ekit-heading elementskit-section-title-wraper text_left   ekit_heading_tablet-   ekit_heading_mobile-\"><h2 class=\"ekit-heading--title elementskit-section-title \">Aproximaci\u00f3n a la  <span><span>Raicilla<\/span><\/span><\/h2><div class=\"ekit_heading_separetor_wraper ekit_heading_elementskit-border-divider ekit-dotted\"><div class=\"elementskit-border-divider ekit-dotted\"><\/div><\/div><h3 class=\"ekit-heading--subtitle elementskit-section-subtitle  \">\n\t\t\t\t\t\tArt\u00edculo elaborado a partir del escrito de Jos\u00e9 M. Muri\u00e0\n\t\t\t\t\t<\/h3><\/div><\/div>\t\t\t\t<\/div>\n\t\t\t\t<\/div>\n\t\t\t\t<div class=\"elementor-element elementor-element-cd58bc7 elementor-widget elementor-widget-text-editor\" data-id=\"cd58bc7\" data-element_type=\"widget\" data-e-type=\"widget\" data-widget_type=\"text-editor.default\">\n\t\t\t\t<div class=\"elementor-widget-container\">\n\t\t\t\t\t\t\t\t\t<p>La raicilla, esa bebida ancestral que ha sido por mucho tiempo eclipsada por sus famosos primos tequila y mezcal, comienza a reclamar su lugar en la escena. En un art\u00edculo lleno de an\u00e9cdotas personales, el autor Jos\u00e9 M. Muri\u00e0 nos sumerge en el fascinante mundo de la raicilla, compartiendo sus experiencias y reflexiones sobre este aguardiente poco conocido pero prometedor.<\/p><p>Muri\u00e0 inicia su relato aceptando su posici\u00f3n de \u00abhablador\u00bb, pero respaldado por la amistad con el ingeniero Jorge Due\u00f1as Pe\u00f1a y su amor por Puerto Vallarta y su regi\u00f3n. Enfatiza la importancia creciente de la raicilla como una fuente potencial de riqueza para las comunidades locales que han quedado al margen del desarrollo tur\u00edstico. A trav\u00e9s de sus palabras, busca no solo elogiar la bebida, sino tambi\u00e9n contribuir al impulso de su desarrollo.<\/p>\t\t\t\t\t\t\t\t<\/div>\n\t\t\t\t<\/div>\n\t\t\t\t<\/div>\n\t\t<div class=\"elementor-element elementor-element-8220851 e-con-full e-flex e-con e-child\" data-id=\"8220851\" data-element_type=\"container\" data-e-type=\"container\">\n\t\t\t\t<div class=\"elementor-element elementor-element-98f989c elementor-widget elementor-widget-spacer\" data-id=\"98f989c\" data-element_type=\"widget\" data-e-type=\"widget\" data-widget_type=\"spacer.default\">\n\t\t\t\t<div class=\"elementor-widget-container\">\n\t\t\t\t\t\t\t<div class=\"elementor-spacer\">\n\t\t\t<div class=\"elementor-spacer-inner\"><\/div>\n\t\t<\/div>\n\t\t\t\t\t\t<\/div>\n\t\t\t\t<\/div>\n\t\t\t\t<div class=\"elementor-element elementor-element-7f54b60 elementor-widget elementor-widget-text-editor\" data-id=\"7f54b60\" data-element_type=\"widget\" data-e-type=\"widget\" data-widget_type=\"text-editor.default\">\n\t\t\t\t<div class=\"elementor-widget-container\">\n\t\t\t\t\t\t\t\t\t<p>La conexi\u00f3n personal de Muri\u00e0 con la raicilla se remonta a una experiencia memorable hace casi medio siglo en El Tuito, donde la bebida dej\u00f3 una impresi\u00f3n duradera. Describe la sensaci\u00f3n de probarla por primera vez como una explosi\u00f3n en el est\u00f3mago, una experiencia m\u00e1s intensa que el tequila. A medida que perfeccion\u00f3 su t\u00e9cnica de degustaci\u00f3n, llev\u00f3 su amor por la raicilla a las alturas, donde siente que la bebida es m\u00e1s arom\u00e1tica.<\/p><p>El autor destaca las diferencias de sabor seg\u00fan la regi\u00f3n de origen, mencionando las variadas notas de c\u00edtricos, madera, tierra mojada y hierbas. Confiesa que su paladar no alcanza la sofisticaci\u00f3n de los expertos, pero disfruta del viaje sensorial que ofrece la raicilla.<\/p>\t\t\t\t\t\t\t\t<\/div>\n\t\t\t\t<\/div>\n\t\t\t\t<\/div>\n\t\t\t\t\t<\/div>\n\t\t\t\t<\/div>\n\t\t<div class=\"elementor-element elementor-element-a98d0b0 e-flex e-con-boxed e-con e-parent\" data-id=\"a98d0b0\" data-element_type=\"container\" data-e-type=\"container\" data-settings=\"{&quot;background_background&quot;:&quot;classic&quot;}\">\n\t\t\t\t\t<div class=\"e-con-inner\">\n\t\t\t\t<div class=\"elementor-element elementor-element-f3bf7da elementor-widget elementor-widget-spacer\" data-id=\"f3bf7da\" data-element_type=\"widget\" data-e-type=\"widget\" data-widget_type=\"spacer.default\">\n\t\t\t\t<div class=\"elementor-widget-container\">\n\t\t\t\t\t\t\t<div class=\"elementor-spacer\">\n\t\t\t<div class=\"elementor-spacer-inner\"><\/div>\n\t\t<\/div>\n\t\t\t\t\t\t<\/div>\n\t\t\t\t<\/div>\n\t\t\t\t\t<\/div>\n\t\t\t\t<\/div>\n\t\t<div class=\"elementor-element elementor-element-1aa6c47 e-flex e-con-boxed e-con e-parent\" data-id=\"1aa6c47\" data-element_type=\"container\" data-e-type=\"container\">\n\t\t\t\t\t<div class=\"e-con-inner\">\n\t\t\t\t<div class=\"elementor-element elementor-element-a7db2de elementor-widget elementor-widget-spacer\" data-id=\"a7db2de\" data-element_type=\"widget\" data-e-type=\"widget\" data-widget_type=\"spacer.default\">\n\t\t\t\t<div class=\"elementor-widget-container\">\n\t\t\t\t\t\t\t<div class=\"elementor-spacer\">\n\t\t\t<div class=\"elementor-spacer-inner\"><\/div>\n\t\t<\/div>\n\t\t\t\t\t\t<\/div>\n\t\t\t\t<\/div>\n\t\t\t\t<div class=\"elementor-element elementor-element-12837db elementor-widget elementor-widget-text-editor\" data-id=\"12837db\" data-element_type=\"widget\" data-e-type=\"widget\" data-widget_type=\"text-editor.default\">\n\t\t\t\t<div class=\"elementor-widget-container\">\n\t\t\t\t\t\t\t\t\t<p>La raicilla, esa misteriosa y ancestral bebida que se gesta en las tierras jaliscienses, ha comenzado a ganar renombre y reconocimiento en los \u00faltimos a\u00f1os. Sin embargo, su historia, envuelta en la neblina del tiempo y las tradiciones locales, merece ser desentra\u00f1ada para aquellos j\u00f3venes curiosos que desean sumergirse en las ra\u00edces de esta fascinante elixir.<\/p>\t\t\t\t\t\t\t\t<\/div>\n\t\t\t\t<\/div>\n\t\t\t\t\t<\/div>\n\t\t\t\t<\/div>\n\t\t<div class=\"elementor-element elementor-element-0e6700d e-flex e-con-boxed e-con e-parent\" data-id=\"0e6700d\" data-element_type=\"container\" data-e-type=\"container\">\n\t\t\t\t\t<div class=\"e-con-inner\">\n\t\t<div class=\"elementor-element elementor-element-7fcc3d2 e-con-full e-flex e-con e-child\" data-id=\"7fcc3d2\" data-element_type=\"container\" data-e-type=\"container\">\n\t\t\t\t<div class=\"elementor-element elementor-element-046ec10 elementor-widget elementor-widget-text-editor\" data-id=\"046ec10\" data-element_type=\"widget\" data-e-type=\"widget\" data-widget_type=\"text-editor.default\">\n\t\t\t\t<div class=\"elementor-widget-container\">\n\t\t\t\t\t\t\t\t\t<p><strong>Los Primeros Sorbos de Historia<\/strong><\/p><p>Para comprender la raicilla, es necesario remontarnos a \u00e9pocas en las que los caminos eran penosos y la comunicaci\u00f3n limitada en las monta\u00f1as de la Sierra de Jalisco. En el siglo XVII, se reportaba la existencia de minas y actividades argent\u00edferas en la Alcald\u00eda Mayor de las Minas de Oxtotipac, hoy conocida como San Sebasti\u00e1n del Oeste. Sin embargo, la bebida de la regi\u00f3n, la raicilla, permanec\u00eda en las sombras debido a las prohibiciones impuestas por las autoridades espa\u00f1olas.<\/p><p>El aguardiente nativo, destilado clandestinamente en lugares apartados, desafiaba las restricciones, y su producci\u00f3n, aunque oculta, se perpetuaba. A pesar de la marginaci\u00f3n y falta de reconocimiento, la raicilla encontr\u00f3 su lugar en las entra\u00f1as de la tierra, arraig\u00e1ndose en la cultura y las costumbres locales.<\/p>\t\t\t\t\t\t\t\t<\/div>\n\t\t\t\t<\/div>\n\t\t\t\t<\/div>\n\t\t<div class=\"elementor-element elementor-element-095c6bf e-con-full e-flex e-con e-child\" data-id=\"095c6bf\" data-element_type=\"container\" data-e-type=\"container\">\n\t\t\t\t<div class=\"elementor-element elementor-element-ae2b2c8 elementor-widget elementor-widget-text-editor\" data-id=\"ae2b2c8\" data-element_type=\"widget\" data-e-type=\"widget\" data-widget_type=\"text-editor.default\">\n\t\t\t\t<div class=\"elementor-widget-container\">\n\t\t\t\t\t\t\t\t\t<p><strong>Los Primeros Atisbos de Luz en el Siglo XIX<\/strong><\/p><p>En el siglo XIX, la sombra de la raicilla se desvanece en los documentos hist\u00f3ricos. Aunque las estad\u00edsticas de la \u00e9poca no mencionan directamente esta bebida, las referencias al \u00abvino mezcal\u00bb en Tomatl\u00e1n sugieren la existencia de la raicilla en las tierras altas de Jalisco. La bebida, a\u00fan sin un nombre fijo, segu\u00eda siendo de consumo local y escapaba a la atenci\u00f3n de las autoridades.<\/p><p><strong>Renaciendo en el Siglo XX: la Contribuci\u00f3n de Jorge Due\u00f1as<\/strong><\/p><p>El despertar moderno de la raicilla se gesta a principios del siglo XXI con la visi\u00f3n del ingeniero Jorge Due\u00f1as Pe\u00f1a , un\u00a0 Dejando atr\u00e1s sus andanzas por el mundo, regresa a su tierra natal con el sue\u00f1o de elevar la raicilla a una categor\u00eda de renombre internacional. La creaci\u00f3n del Consejo Mexicano Promotor de la Raicilla en 2000\u00a0 de la mano del Ingeniero Due\u00f1as, El Dr. Alfredo Cachua, el Ing, Adri\u00e1n Ram\u00edrez y un en\u00f3logo, marca un hito crucial en la historia reciente de esta bebida tradicional.<\/p>\t\t\t\t\t\t\t\t<\/div>\n\t\t\t\t<\/div>\n\t\t\t\t<\/div>\n\t\t\t\t\t<\/div>\n\t\t\t\t<\/div>\n\t\t<div class=\"elementor-element elementor-element-d0c94db e-flex e-con-boxed e-con e-parent\" data-id=\"d0c94db\" data-element_type=\"container\" data-e-type=\"container\" data-settings=\"{&quot;background_background&quot;:&quot;classic&quot;}\">\n\t\t\t\t\t<div class=\"e-con-inner\">\n\t\t\t\t<div class=\"elementor-element elementor-element-c327d6d elementor-widget elementor-widget-spacer\" data-id=\"c327d6d\" data-element_type=\"widget\" data-e-type=\"widget\" data-widget_type=\"spacer.default\">\n\t\t\t\t<div class=\"elementor-widget-container\">\n\t\t\t\t\t\t\t<div class=\"elementor-spacer\">\n\t\t\t<div class=\"elementor-spacer-inner\"><\/div>\n\t\t<\/div>\n\t\t\t\t\t\t<\/div>\n\t\t\t\t<\/div>\n\t\t\t\t\t<\/div>\n\t\t\t\t<\/div>\n\t\t<div class=\"elementor-element elementor-element-7b5a0a0 e-flex e-con-boxed e-con e-parent\" data-id=\"7b5a0a0\" data-element_type=\"container\" data-e-type=\"container\">\n\t\t\t\t\t<div class=\"e-con-inner\">\n\t\t\t\t<div class=\"elementor-element elementor-element-23635ad elementor-widget elementor-widget-text-editor\" data-id=\"23635ad\" data-element_type=\"widget\" data-e-type=\"widget\" data-widget_type=\"text-editor.default\">\n\t\t\t\t<div class=\"elementor-widget-container\">\n\t\t\t\t\t\t\t\t\t<p><strong>D<\/strong><strong>e Gustos y Sabores: La Magia de la Raicilla<\/strong><\/p><p>La raicilla, destilada a partir de la lechuguilla, agave que crece de manera natural en las alturas, revela sus matices sensoriales. Expertos afirman que las variedades de agaves inaequidens, valenciana y maximiliana de las alturas, y los angustifolia y rhodacantha de las tierras bajas, aportan distintos perfiles de sabor. Desde lo c\u00edtrico en la sierra hasta pimienta, minerales y frutas tropicales en la costa, cada sorbo es una traves\u00eda sensorial \u00fanica.<\/p><div><div class=\"flex-1 overflow-hidden\"><div class=\"react-scroll-to-bottom--css-upzjm-79elbk h-full\"><div class=\"react-scroll-to-bottom--css-upzjm-1n7m0yu\"><div class=\"flex flex-col pb-9 text-sm\"><div class=\"w-full text-token-text-primary\" data-testid=\"conversation-turn-3\"><div class=\"px-4 py-2 justify-center text-base md:gap-6 m-auto\"><div class=\"flex flex-1 text-base mx-auto gap-3 md:px-5 lg:px-1 xl:px-5 md:max-w-3xl lg:max-w-[40rem] xl:max-w-[48rem] group final-completion\"><div class=\"relative flex w-full flex-col agent-turn\"><div class=\"flex-col gap-1 md:gap-3\"><div class=\"flex flex-grow flex-col max-w-full\"><div class=\"min-h-[20px] text-message flex flex-col items-start gap-3 whitespace-pre-wrap break-words [.text-message+&amp;]:mt-5 overflow-x-auto\" data-message-author-role=\"assistant\" data-message-id=\"527da7db-814f-4561-9098-9b00866c96c7\"><div class=\"markdown prose w-full break-words dark:prose-invert light\"><p><strong>Desaf\u00edos Actuales y el Futuro de la Raicilla<\/strong><\/p><p>A medida que la raicilla despierta el inter\u00e9s de una audiencia m\u00e1s amplia, nuevos desaf\u00edos se presentan. La necesidad de obtener la denominaci\u00f3n de origen se vislumbra en el horizonte para preservar su autenticidad y evitar imitaciones. El temor a la comercializaci\u00f3n excesiva y la p\u00e9rdida de control sobre su producci\u00f3n acechan, recordando la historia del tequila.<\/p><p><strong>Un Brindis por la Raicilla: \u00a1Salud y Tradici\u00f3n!<\/strong><\/p><p>En conclusi\u00f3n, la raicilla emerge de las sombras de la historia, guiada por visionarios como Jorge Due\u00f1as Pe\u00f1a. Su historia se entrelaza con las monta\u00f1as de Jalisco, la lechuguilla que se nutre de la tierra y los secretos bien guardados de los maestros destiladores. Para aquellos j\u00f3venes que buscan aventurarse en el mundo de la raicilla, que este art\u00edculo sirva como un brindis por la historia, la tradici\u00f3n y la magia de esta bebida que ha perdurado a lo largo de los siglos.<\/p><p>\u00a1Salud!<\/p><\/div><\/div><\/div><\/div><\/div><\/div><\/div><\/div><\/div><\/div><\/div><\/div><\/div>\t\t\t\t\t\t\t\t<\/div>\n\t\t\t\t<\/div>\n\t\t\t\t\t<\/div>\n\t\t\t\t<\/div>\n\t\t\t\t<\/div>\n\t\t","protected":false},"excerpt":{"rendered":"<p>Aproximaci\u00f3n a la Raicilla Art\u00edculo elaborado a partir del escrito de Jos\u00e9 M. Muri\u00e0 La raicilla, esa bebida ancestral que ha sido por mucho tiempo eclipsada por sus famosos primos tequila y mezcal, comienza a reclamar su lugar en la escena. En un art\u00edculo lleno de an\u00e9cdotas personales, el autor Jos\u00e9 M. Muri\u00e0 nos sumerge [&hellip;]<\/p>\n","protected":false},"author":1,"featured_media":0,"parent":0,"menu_order":0,"comment_status":"closed","ping_status":"closed","template":"","meta":{"footnotes":""},"class_list":["post-567","page","type-page","status-publish","hentry"],"_hostinger_reach_plugin_has_subscription_block":false,"_hostinger_reach_plugin_is_elementor":false,"_links":{"self":[{"href":"https:\/\/raicillamx.com\/index.php\/wp-json\/wp\/v2\/pages\/567","targetHints":{"allow":["GET"]}}],"collection":[{"href":"https:\/\/raicillamx.com\/index.php\/wp-json\/wp\/v2\/pages"}],"about":[{"href":"https:\/\/raicillamx.com\/index.php\/wp-json\/wp\/v2\/types\/page"}],"author":[{"embeddable":true,"href":"https:\/\/raicillamx.com\/index.php\/wp-json\/wp\/v2\/users\/1"}],"replies":[{"embeddable":true,"href":"https:\/\/raicillamx.com\/index.php\/wp-json\/wp\/v2\/comments?post=567"}],"version-history":[{"count":0,"href":"https:\/\/raicillamx.com\/index.php\/wp-json\/wp\/v2\/pages\/567\/revisions"}],"wp:attachment":[{"href":"https:\/\/raicillamx.com\/index.php\/wp-json\/wp\/v2\/media?parent=567"}],"curies":[{"name":"wp","href":"https:\/\/api.w.org\/{rel}","templated":true}]}}