{"id":37,"date":"2024-02-12T23:56:41","date_gmt":"2024-02-12T23:56:41","guid":{"rendered":"https:\/\/raicillamx.com\/?page_id=37"},"modified":"2024-02-20T17:05:45","modified_gmt":"2024-02-20T23:05:45","slug":"contacto","status":"publish","type":"page","link":"https:\/\/raicillamx.com\/index.php\/contacto\/","title":{"rendered":"Contacto"},"content":{"rendered":"\t\t<div data-elementor-type=\"wp-page\" data-elementor-id=\"37\" class=\"elementor elementor-37\">\n\t\t\t\t<div class=\"elementor-element elementor-element-704ae76 e-flex e-con-boxed e-con e-parent\" data-id=\"704ae76\" data-element_type=\"container\" data-e-type=\"container\">\n\t\t\t\t\t<div class=\"e-con-inner\">\n\t\t<div class=\"elementor-element elementor-element-0076d11 e-con-full e-flex e-con e-child\" data-id=\"0076d11\" data-element_type=\"container\" data-e-type=\"container\">\n\t\t\t\t<div class=\"elementor-element elementor-element-77472fb elementor-widget elementor-widget-text-editor\" data-id=\"77472fb\" data-element_type=\"widget\" data-e-type=\"widget\" data-widget_type=\"text-editor.default\">\n\t\t\t\t<div class=\"elementor-widget-container\">\n\t\t\t\t\t\t\t\t\t<h1 data-sourcepos=\"5:1-5:75\">A trav\u00e9s de este formulario, podr\u00e1s ponerte en contacto con nosotros de manera r\u00e1pida y sencilla.<\/h1><p data-sourcepos=\"7:1-7:40\"><strong>\u00bfQu\u00e9 tipo de consulta deseas realizar?<\/strong><\/p><ul data-sourcepos=\"9:1-9:176\"><li data-sourcepos=\"9:1-9:176\"><strong>Solicitud de informaci\u00f3n:<\/strong> Si necesitas informaci\u00f3n sobre la CMPR, nuestras funciones, competencias o normativa, puedes utilizar este formulario para realizar tu consulta.<\/li><li data-sourcepos=\"10:1-10:156\"><strong>Presentaci\u00f3n de quejass:<\/strong> Si deseas presentar una queja o denuncia por una posible pr\u00e1ctica anticompetitiva, puedes hacerlo a trav\u00e9s de este formulario.<\/li><li data-sourcepos=\"11:1-12:0\"><strong>Otros:<\/strong> Si tu consulta no se ajusta a las opciones anteriores, puedes utilizar este formulario para contactarnos y explicarnos tu caso.<\/li><\/ul><p data-sourcepos=\"13:1-13:44\"><strong>\u00bfQu\u00e9 informaci\u00f3n necesitas proporcionar?<\/strong><\/p><p data-sourcepos=\"15:1-15:101\">Para poder atender tu consulta de forma eficaz, te rogamos que proporciones la siguiente informaci\u00f3n:<\/p><ul data-sourcepos=\"17:1-22:0\"><li data-sourcepos=\"20:1-20:28\"><strong>Asunto de la consulta:<\/strong><\/li><li data-sourcepos=\"21:1-22:0\"><strong>Descripci\u00f3n detallada de tu consulta:<\/strong><\/li><\/ul><p data-sourcepos=\"23:1-23:37\"><strong>\u00bfEn qu\u00e9 plazo recibir\u00e9 respuesta?<\/strong><\/p><p data-sourcepos=\"25:1-25:99\">Nos pondremos en contacto contigo en el menor tiempo posible. En la mayor\u00eda de los casos, recibir\u00e1s una respuesta en un plazo de 24 horas h\u00e1biles.<\/p><p data-sourcepos=\"27:1-27:42\"><strong>\u00bfC\u00f3mo puedo acceder a m\u00e1s informaci\u00f3n?<\/strong><\/p><p data-sourcepos=\"29:1-29:114\">Puedes encontrar m\u00e1s informaci\u00f3n sobre la CMPR, nuestras funciones, competencias y normativa en nuestro sitio web.<\/p><p data-sourcepos=\"31:1-31:29\"><strong>\u00a1Gracias por tu consulta!<\/strong><\/p><p data-sourcepos=\"33:1-33:15\"><strong>Equipo CMPR<\/strong><\/p>\t\t\t\t\t\t\t\t<\/div>\n\t\t\t\t<\/div>\n\t\t\t\t<\/div>\n\t\t<div class=\"elementor-element elementor-element-dd26db8 e-con-full e-flex e-con e-child\" data-id=\"dd26db8\" data-element_type=\"container\" data-e-type=\"container\">\n\t\t\t\t<\/div>\n\t\t\t\t\t<\/div>\n\t\t\t\t<\/div>\n\t\t\t\t<\/div>\n\t\t","protected":false},"excerpt":{"rendered":"<p>A trav\u00e9s de este formulario, podr\u00e1s ponerte en contacto con nosotros de manera r\u00e1pida y sencilla. \u00bfQu\u00e9 tipo de consulta deseas realizar? Solicitud de informaci\u00f3n: Si necesitas informaci\u00f3n sobre la CMPR, nuestras funciones, competencias o normativa, puedes utilizar este formulario para realizar tu consulta. Presentaci\u00f3n de quejass: Si deseas presentar una queja o denuncia por [&hellip;]<\/p>\n","protected":false},"author":1,"featured_media":0,"parent":0,"menu_order":0,"comment_status":"closed","ping_status":"closed","template":"","meta":{"footnotes":""},"class_list":["post-37","page","type-page","status-publish","hentry"],"_hostinger_reach_plugin_has_subscription_block":false,"_hostinger_reach_plugin_is_elementor":false,"_links":{"self":[{"href":"https:\/\/raicillamx.com\/index.php\/wp-json\/wp\/v2\/pages\/37","targetHints":{"allow":["GET"]}}],"collection":[{"href":"https:\/\/raicillamx.com\/index.php\/wp-json\/wp\/v2\/pages"}],"about":[{"href":"https:\/\/raicillamx.com\/index.php\/wp-json\/wp\/v2\/types\/page"}],"author":[{"embeddable":true,"href":"https:\/\/raicillamx.com\/index.php\/wp-json\/wp\/v2\/users\/1"}],"replies":[{"embeddable":true,"href":"https:\/\/raicillamx.com\/index.php\/wp-json\/wp\/v2\/comments?post=37"}],"version-history":[{"count":0,"href":"https:\/\/raicillamx.com\/index.php\/wp-json\/wp\/v2\/pages\/37\/revisions"}],"wp:attachment":[{"href":"https:\/\/raicillamx.com\/index.php\/wp-json\/wp\/v2\/media?parent=37"}],"curies":[{"name":"wp","href":"https:\/\/api.w.org\/{rel}","templated":true}]}}